{"id":722,"date":"2025-01-06T15:28:43","date_gmt":"2025-01-06T18:28:43","guid":{"rendered":"https:\/\/itmtextil.com.br\/tecidos\/?page_id=722"},"modified":"2025-01-06T15:28:43","modified_gmt":"2025-01-06T18:28:43","slug":"guia-digital-itm","status":"publish","type":"page","link":"https:\/\/itmtextil.com.br\/tecidos\/guia-digital-itm\/","title":{"rendered":"Guia Digital ITM"},"content":{"rendered":"<div>\n<h2>Um Olhar Para o Futuro<\/h2>\n<p><img loading=\"lazy\" decoding=\"async\" class=\"alignnone wp-image-723\" src=\"https:\/\/itmtextil.com.br\/tecidos\/wp-content\/uploads\/2025\/01\/Captura-de-ecra-2025-01-06-as-19.05.06-300x205.png\" alt=\"\" width=\"436\" height=\"298\" srcset=\"https:\/\/itmtextil.com.br\/tecidos\/wp-content\/uploads\/2025\/01\/Captura-de-ecra-2025-01-06-as-19.05.06-300x205.png 300w, https:\/\/itmtextil.com.br\/tecidos\/wp-content\/uploads\/2025\/01\/Captura-de-ecra-2025-01-06-as-19.05.06.png 663w\" sizes=\"auto, (max-width: 436px) 100vw, 436px\" \/><\/p>\n<p>Caros colaboradores,<\/p>\n<\/div>\n<div>\n<p>A ITM est\u00e1 entrando com tudo no mundo digital, e sabemos que voc\u00eas s\u00e3o parte essencial desse processo! Este guia foi preparado para dar a voc\u00eas uma vis\u00e3o geral de nossos novos canais e iniciativas digitais, assim voc\u00eas podem entender o que est\u00e1 sendo feito e como cada um deles ser\u00e1 utilizado.<\/p>\n<\/div>\n<div>\n<p>Nosso novo site de produtos j\u00e1 est\u00e1 no ar, com uma apresenta\u00e7\u00e3o detalhada de todas as nossas solu\u00e7\u00f5es para o mercado. \u00c9 l\u00e1 que clientes e parceiros v\u00e3o poder conhecer a fundo o que oferecemos, com foco em tecnologia, inova\u00e7\u00e3o e sustentabilidade. Al\u00e9m disso, temos o blog, onde vamos compartilhar mat\u00e9rias relevantes sobre produtos, mercados, eventos e as \u00faltimas novidades da ITM.<\/p>\n<\/div>\n<div>\n<p>E, claro, estamos nas principais redes sociais: Instagram, TikTok, LinkedIn e YouTube. Cada plataforma tem um papel espec\u00edfico na nossa estrat\u00e9gia, e queremos que voc\u00eas conhe\u00e7am e acompanhem de perto o que est\u00e1 sendo feito em cada uma delas. Este guia \u00e9 s\u00f3 o come\u00e7o, uma vis\u00e3o geral para que voc\u00eas saibam como participar e ajudar a fortalecer ainda mais a presen\u00e7a digital da ITM.<\/p>\n<\/div>\n<div>\n<p>Vamos juntos nessa jornada? Aqui voc\u00eas t\u00eam as informa\u00e7\u00f5es principais para se familiarizar com cada canal e entender o que est\u00e1 por vir.<\/p>\n<div>\n<h2>Novo site de produtos da ITM<\/h2>\n<p><a href=\"https:\/\/www.itmtextil.com.br\/tecidos\" target=\"_blank\" rel=\"noopener\">www.itmtextil.com.br\/tecidos<\/a><\/p>\n<p><img loading=\"lazy\" decoding=\"async\" class=\"alignnone wp-image-734\" src=\"https:\/\/itmtextil.com.br\/tecidos\/wp-content\/uploads\/2025\/01\/Captura-de-ecra-2025-01-06-as-19.05.21-300x123.png\" alt=\"\" width=\"393\" height=\"161\" srcset=\"https:\/\/itmtextil.com.br\/tecidos\/wp-content\/uploads\/2025\/01\/Captura-de-ecra-2025-01-06-as-19.05.21-300x123.png 300w, https:\/\/itmtextil.com.br\/tecidos\/wp-content\/uploads\/2025\/01\/Captura-de-ecra-2025-01-06-as-19.05.21.png 716w\" sizes=\"auto, (max-width: 393px) 100vw, 393px\" \/><\/p>\n<div>\n<p>A navega\u00e7\u00e3o no novo site \u00e9 bem simples. Basta clicar na fam\u00edlia de produto ou caracter\u00edstica que deseja e, automaticamente, o site trar\u00e1 as op\u00e7\u00f5es dos tecidos que atendem ao que voc\u00ea selecionou. As fam\u00edlias em amarelo s\u00e3o as que a ITM destaca para divulga\u00e7\u00e3o no mercado.<\/p>\n<div>\n<p>Assim, ao clicar em CORDURA\u00ae, por exemplo, o site trar\u00e1 somente os tecidos CORDURA\u00ae<\/p>\n<p><img loading=\"lazy\" decoding=\"async\" class=\"alignnone wp-image-733\" src=\"https:\/\/itmtextil.com.br\/tecidos\/wp-content\/uploads\/2025\/01\/Captura-de-ecra-2025-01-06-as-19.05.28-300x197.png\" alt=\"\" width=\"439\" height=\"288\" srcset=\"https:\/\/itmtextil.com.br\/tecidos\/wp-content\/uploads\/2025\/01\/Captura-de-ecra-2025-01-06-as-19.05.28-300x197.png 300w, https:\/\/itmtextil.com.br\/tecidos\/wp-content\/uploads\/2025\/01\/Captura-de-ecra-2025-01-06-as-19.05.28.png 713w\" sizes=\"auto, (max-width: 439px) 100vw, 439px\" \/><\/p>\n<div>\n<div>\n<p>Veja que aparece um outro menu abaixo da fam\u00edlia selecionada. Assim, caso voc\u00ea queira pesquisar um tecido CORDURA\u00ae para \u201clona de cal\u00e7ado\u201d, basta clicar no bot\u00e3o e, automaticamente, o site apresenta apenas os tecidos que s\u00e3o CORDURA\u00ae para lona de cal\u00e7ados:<\/p>\n<p><img loading=\"lazy\" decoding=\"async\" class=\"alignnone wp-image-735\" src=\"https:\/\/itmtextil.com.br\/tecidos\/wp-content\/uploads\/2025\/01\/Captura-de-ecra-2025-01-06-as-19.17.40-300x197.png\" alt=\"\" width=\"417\" height=\"274\" srcset=\"https:\/\/itmtextil.com.br\/tecidos\/wp-content\/uploads\/2025\/01\/Captura-de-ecra-2025-01-06-as-19.17.40-300x197.png 300w, https:\/\/itmtextil.com.br\/tecidos\/wp-content\/uploads\/2025\/01\/Captura-de-ecra-2025-01-06-as-19.17.40.png 712w\" sizes=\"auto, (max-width: 417px) 100vw, 417px\" \/><\/p>\n<\/div>\n<div>\n<div>\n<p>Ah, se voc\u00ea estiver atendendo algum cliente ou fornecedor e quer enviar para ele as op\u00e7\u00f5es que a ITM tem de tecido CORDURA\u00ae , basta clicar no endere\u00e7o do navegador, copiar e colar: <a href=\"https:\/\/itmtextil.com.br\/tecidos\/familia\/cordura\/\">https:\/\/itmtextil.com.br\/tecidos\/familia\/cordura\/<\/a> que o link leva direto para os tecidos CORDURA\u00ae. Este link funciona para o primeiro filtro apenas.<\/p>\n<\/div>\n<div>\n<p>Para ter maiores informa\u00e7\u00f5es do tecido, basta clicar no bot\u00e3o \u201cVer produto\u201d do tecido desejado e o site trar\u00e1 uma p\u00e1gina espec\u00edfica para o produto:<\/p>\n<p><img loading=\"lazy\" decoding=\"async\" class=\"alignnone size-medium wp-image-732\" src=\"https:\/\/itmtextil.com.br\/tecidos\/wp-content\/uploads\/2025\/01\/Captura-de-ecra-2025-01-06-as-19.05.36-300x126.png\" alt=\"\" width=\"300\" height=\"126\" srcset=\"https:\/\/itmtextil.com.br\/tecidos\/wp-content\/uploads\/2025\/01\/Captura-de-ecra-2025-01-06-as-19.05.36-300x126.png 300w, https:\/\/itmtextil.com.br\/tecidos\/wp-content\/uploads\/2025\/01\/Captura-de-ecra-2025-01-06-as-19.05.36.png 693w\" sizes=\"auto, (max-width: 300px) 100vw, 300px\" \/><\/p>\n<div>\n<p>E voc\u00ea ter\u00e1 as principais informa\u00e7\u00f5es e a foto em destaque. Caso clique no bot\u00e3o produtos semelhantes, o site abre uma tela com tecidos semelhantes a este.<\/p>\n<div>\n<div>\n<p>Voc\u00ea tem a op\u00e7\u00e3o de compartilhar produto. Se clicar no envelope, o site abre o seu programa de email e j\u00e1 inclui o link e a p\u00e1gina do tecido. Se clicar no \u00edcone do WhatsApp, ele j\u00e1 cria uma mensagem de WhatsApp com a foto e o link da p\u00e1gina. O mesmo acontece para o Facebook e o LinkedIn. Ele sempre considerar\u00e1 a conta conectada para fazer o envio.<\/p>\n<\/div>\n<div>\n<p>Sempre que for indicar um tecido para um cliente ou fornecedor, utilize a op\u00e7\u00e3o de compartilhar do site, pois isso levar\u00e1 a informa\u00e7\u00e3o completa e a pessoa entrar\u00e1 diretamente no site de tecidos e poder\u00e1 navegar livremente pelo site depois.<\/p>\n<\/div>\n<div>\n<p>Voc\u00ea tamb\u00e9m pode navegar pelos MENU do site, num sistema de pesquisa mais tradicional:<\/p>\n<p><img loading=\"lazy\" decoding=\"async\" class=\"alignnone size-medium wp-image-731\" src=\"https:\/\/itmtextil.com.br\/tecidos\/wp-content\/uploads\/2025\/01\/Captura-de-ecra-2025-01-06-as-19.05.43-300x159.png\" alt=\"\" width=\"300\" height=\"159\" srcset=\"https:\/\/itmtextil.com.br\/tecidos\/wp-content\/uploads\/2025\/01\/Captura-de-ecra-2025-01-06-as-19.05.43-300x159.png 300w, https:\/\/itmtextil.com.br\/tecidos\/wp-content\/uploads\/2025\/01\/Captura-de-ecra-2025-01-06-as-19.05.43.png 709w\" sizes=\"auto, (max-width: 300px) 100vw, 300px\" \/><\/p>\n<\/div>\n<div>\n<p>O site tem sido constantemente atualizado com not\u00edcias detalhadas sobre produtos, acabamentos e informa\u00e7\u00f5es gerais da ITM. Tudo isso na parte de blog do site. Ao clicar em <a href=\"https:\/\/itmtextil.com.br\/tecidos\/blog\/\" target=\"_blank\" rel=\"noopener\">Blog<\/a>, voc\u00ea acessa as not\u00edcias mais recentes:<\/p>\n<p><img loading=\"lazy\" decoding=\"async\" class=\"alignnone size-medium wp-image-730\" src=\"https:\/\/itmtextil.com.br\/tecidos\/wp-content\/uploads\/2025\/01\/Captura-de-ecra-2025-01-06-as-19.05.49-300x163.png\" alt=\"\" width=\"300\" height=\"163\" srcset=\"https:\/\/itmtextil.com.br\/tecidos\/wp-content\/uploads\/2025\/01\/Captura-de-ecra-2025-01-06-as-19.05.49-300x163.png 300w, https:\/\/itmtextil.com.br\/tecidos\/wp-content\/uploads\/2025\/01\/Captura-de-ecra-2025-01-06-as-19.05.49.png 710w\" sizes=\"auto, (max-width: 300px) 100vw, 300px\" \/><\/p>\n<div>\n<div>\n<p>Ao clicar em Leia Mais, voc\u00ea acessa a mat\u00e9ria completa.<\/p>\n<\/div>\n<div>\n<div>\n<p>No blog, \u00e9 poss\u00edvel navegar para pesquisar as mat\u00e9rias que podem ser interessantes para enviar para um cliente ou fornecedor. Para isso, voc\u00ea pode ir at\u00e9 o final da p\u00e1gina, onde tem uma busca BUSCAR ARTIGO e voc\u00ea preenche o termo que quer pesquisar. Pode ser o nome de uma fam\u00edlia, de um produto, ou um termo gen\u00e9rico como sustentabilidade, por exemplo. E, em seguida, o site traz todas as mat\u00e9rias que t\u00eam este tema como relevante.<\/p>\n<p><img loading=\"lazy\" decoding=\"async\" class=\"alignnone size-medium wp-image-729\" src=\"https:\/\/itmtextil.com.br\/tecidos\/wp-content\/uploads\/2025\/01\/Captura-de-ecra-2025-01-06-as-19.06.00-300x87.png\" alt=\"\" width=\"300\" height=\"87\" srcset=\"https:\/\/itmtextil.com.br\/tecidos\/wp-content\/uploads\/2025\/01\/Captura-de-ecra-2025-01-06-as-19.06.00-300x87.png 300w, https:\/\/itmtextil.com.br\/tecidos\/wp-content\/uploads\/2025\/01\/Captura-de-ecra-2025-01-06-as-19.06.00.png 710w\" sizes=\"auto, (max-width: 300px) 100vw, 300px\" \/><\/p>\n<div>\n<div>\n<p>Ao ler uma mat\u00e9ria, voc\u00ea pode tamb\u00e9m compartilhar com o cliente ou fornecedor.<\/p>\n<\/div>\n<\/div>\n<\/div>\n<p><img loading=\"lazy\" decoding=\"async\" class=\"alignnone size-medium wp-image-728\" src=\"https:\/\/itmtextil.com.br\/tecidos\/wp-content\/uploads\/2025\/01\/Captura-de-ecra-2025-01-06-as-19.06.09-300x222.png\" alt=\"\" width=\"300\" height=\"222\" srcset=\"https:\/\/itmtextil.com.br\/tecidos\/wp-content\/uploads\/2025\/01\/Captura-de-ecra-2025-01-06-as-19.06.09-300x222.png 300w, https:\/\/itmtextil.com.br\/tecidos\/wp-content\/uploads\/2025\/01\/Captura-de-ecra-2025-01-06-as-19.06.09.png 711w\" sizes=\"auto, (max-width: 300px) 100vw, 300px\" \/><\/p>\n<div>\n<div>\n<p>A l\u00f3gica \u00e9 a mesma da p\u00e1gina do produto. Voc\u00ea pode compartilhar por email, Facebook, LinkedIn e WhatsApp.<\/p>\n<\/div>\n<div>\n<p>As mat\u00e9rias trazem informa\u00e7\u00f5es completas e relevantes sobre produtos, acabamentos, novidades, sustentabilidade e sobre a empresa. Sempre que achar relevante, compartilhe com algum cliente ou fornecedor que se interesse pelo assunto, ou que esteja desenvolvendo algo relacionado ao tema da mat\u00e9ria. Isso divulgar\u00e1 o site e trar\u00e1 informa\u00e7\u00f5es mais completas para o cliente ou fornecedor sobre os produtos e as informa\u00e7\u00f5es da ITM.<\/p>\n<div>\n<div>\n<h2>ITM nas Redes Sociais<\/h2>\n<\/div>\n<div>\n<p>A ITM est\u00e1 ampliando sua presen\u00e7a digital com novos canais nas principais redes sociais: Instagram, TikTok, LinkedIn e YouTube. Queremos contar com a sua participa\u00e7\u00e3o para fortalecer ainda mais nossa marca online!<\/p>\n<\/div>\n<div>\n<h2><a href=\"https:\/\/www.linkedin.com\/company\/105377093\" target=\"_blank\" rel=\"noopener\">LinkedIn<\/a><\/h2>\n<\/div>\n<div>\n<p>No LinkedIn, nosso foco \u00e9 divulgar os produtos e a empresa para o mercado corporativo. Se voc\u00ea j\u00e1 marcou a ITM como seu empregador no perfil, seu nome aparecer\u00e1 automaticamente na lista de colaboradores da empresa.<\/p>\n<\/div>\n<div>\n<p>Divulgamos produtos, eventos, novidades institucionais e temas sobre sustentabilidade e inova\u00e7\u00e3o. Siga a nossa p\u00e1gina e, sempre que achar algo relevante, compartilhe com a sua rede! Isso ajuda muito na visibilidade da ITM.<\/p>\n<p>Endere\u00e7o da p\u00e1gina: https:\/\/www.linkedin.com\/company\/105377093<\/p>\n<p><img loading=\"lazy\" decoding=\"async\" class=\"alignnone size-medium wp-image-727\" src=\"https:\/\/itmtextil.com.br\/tecidos\/wp-content\/uploads\/2025\/01\/Captura-de-ecra-2025-01-06-as-19.06.18-300x215.png\" alt=\"\" width=\"300\" height=\"215\" srcset=\"https:\/\/itmtextil.com.br\/tecidos\/wp-content\/uploads\/2025\/01\/Captura-de-ecra-2025-01-06-as-19.06.18-300x215.png 300w, https:\/\/itmtextil.com.br\/tecidos\/wp-content\/uploads\/2025\/01\/Captura-de-ecra-2025-01-06-as-19.06.18.png 707w\" sizes=\"auto, (max-width: 300px) 100vw, 300px\" \/><\/p>\n<h2><a href=\"https:\/\/www.instagram.com\/itmtextil\/\" target=\"_blank\" rel=\"noopener\">Instagram<\/a><\/h2>\n<div>\n<div>\n<p>No Instagram, usamos um tom mais descontra\u00eddo, pois sabemos que nossos clientes, colaboradores e fornecedores acessam essa rede tamb\u00e9m como pessoas f\u00edsicas. O conte\u00fado, no entanto, continua focado no lado profissional da ITM, com produtos e eventos da empresa.<\/p>\n<\/div>\n<div>\n<p>Siga nossa p\u00e1gina, curta, comente e compartilhe! Seu engajamento \u00e9 essencial para ampliarmos nossa presen\u00e7a.<\/p>\n<p>Endere\u00e7o da p\u00e1gina: https:\/\/www.instagram.com\/itmtextil\/<\/p>\n<p><img loading=\"lazy\" decoding=\"async\" class=\"alignnone size-medium wp-image-726\" src=\"https:\/\/itmtextil.com.br\/tecidos\/wp-content\/uploads\/2025\/01\/Captura-de-ecra-2025-01-06-as-19.06.23-300x206.png\" alt=\"\" width=\"300\" height=\"206\" srcset=\"https:\/\/itmtextil.com.br\/tecidos\/wp-content\/uploads\/2025\/01\/Captura-de-ecra-2025-01-06-as-19.06.23-300x206.png 300w, https:\/\/itmtextil.com.br\/tecidos\/wp-content\/uploads\/2025\/01\/Captura-de-ecra-2025-01-06-as-19.06.23.png 715w\" sizes=\"auto, (max-width: 300px) 100vw, 300px\" \/><\/p>\n<h2><a href=\"https:\/\/www.tiktok.com\/@itm.textil\" target=\"_blank\" rel=\"noopener\">Tik Tok<\/a><\/h2>\n<\/div>\n<div>\n<div>\n<p>O TikTok \u00e9 uma ferramenta poderosa para mostrar nossos produtos e acabamentos de maneira mais din\u00e2mica e acess\u00edvel. Apesar de informal, o conte\u00fado \u00e9 voltado para designers de cal\u00e7ados e compradores, focando em informa\u00e7\u00f5es t\u00e9cnicas de interesse desse p\u00fablico.<\/p>\n<\/div>\n<div>\n<p>Os v\u00eddeos s\u00e3o curtos e abordam temas espec\u00edficos. Uma sugest\u00e3o \u00e9 escolher o v\u00eddeo mais relevante e compartilhar com clientes ou fornecedores. N\u00e3o esque\u00e7a de seguir a p\u00e1gina e assistir aos v\u00eddeos \u2013 isso melhora nossa performance na plataforma!<\/p>\n<p>Endere\u00e7o da P\u00e1gina: https:\/\/www.tiktok.com\/@itm.textil<\/p>\n<p><img loading=\"lazy\" decoding=\"async\" class=\"alignnone size-medium wp-image-725\" src=\"https:\/\/itmtextil.com.br\/tecidos\/wp-content\/uploads\/2025\/01\/Captura-de-ecra-2025-01-06-as-19.06.30-300x163.png\" alt=\"\" width=\"300\" height=\"163\" srcset=\"https:\/\/itmtextil.com.br\/tecidos\/wp-content\/uploads\/2025\/01\/Captura-de-ecra-2025-01-06-as-19.06.30-300x163.png 300w, https:\/\/itmtextil.com.br\/tecidos\/wp-content\/uploads\/2025\/01\/Captura-de-ecra-2025-01-06-as-19.06.30.png 712w\" sizes=\"auto, (max-width: 300px) 100vw, 300px\" \/><\/p>\n<h2><a href=\"https:\/\/www.youtube.com\/@MarketingITMT\u00eaxtil\" target=\"_blank\" rel=\"noopener\">You Tube<\/a><\/h2>\n<div>\n<div>\n<p>No YouTube, disponibilizamos v\u00eddeos em formatos mais longos e detalhados. \u00c9 uma \u00f3tima ferramenta para compartilhar conte\u00fados com clientes e fornecedores. Basta escolher o v\u00eddeo e enviar!<\/p>\n<p>Endere\u00e7o da p\u00e1gina: https:\/\/www.youtube.com\/@MarketingITMT\u00eaxtil<\/p>\n<p><strong>Contamos com sua participa\u00e7\u00e3o em todas as nossas redes!<\/strong><\/p>\n<\/div>\n<\/div>\n<\/div>\n<\/div>\n<\/div>\n<\/div>\n<\/div>\n<\/div>\n<\/div>\n<\/div>\n<\/div>\n<\/div>\n<\/div>\n<\/div>\n<\/div>\n<\/div>\n<\/div>\n<\/div>\n<\/div>\n<\/div>\n<\/div>\n","protected":false},"excerpt":{"rendered":"<p>Um Olhar Para o Futuro Caros colaboradores, A ITM est\u00e1 entrando com tudo no mundo digital, e sabemos que voc\u00eas s\u00e3o parte essencial desse processo! Este guia foi preparado para dar a voc\u00eas uma vis\u00e3o geral de nossos novos canais e iniciativas digitais, assim voc\u00eas podem entender o que est\u00e1 sendo feito e como cada [&hellip;]<\/p>\n","protected":false},"author":2,"featured_media":0,"parent":0,"menu_order":0,"comment_status":"closed","ping_status":"closed","template":"","meta":{"_acf_changed":false,"footnotes":""},"class_list":["post-722","page","type-page","status-publish","hentry"],"acf":[],"yoast_head":"<!-- This site is optimized with the Yoast SEO plugin v23.4 - https:\/\/yoast.com\/wordpress\/plugins\/seo\/ -->\n<title>Guia Digital ITM - Tecidos ITM<\/title>\n<meta name=\"robots\" content=\"index, follow, max-snippet:-1, max-image-preview:large, max-video-preview:-1\" \/>\n<link rel=\"canonical\" href=\"https:\/\/itmtextil.com.br\/tecidos\/guia-digital-itm\/\" \/>\n<meta property=\"og:locale\" content=\"pt_BR\" \/>\n<meta property=\"og:type\" content=\"article\" \/>\n<meta property=\"og:title\" content=\"Guia Digital ITM - Tecidos ITM\" \/>\n<meta property=\"og:description\" content=\"Um Olhar Para o Futuro Caros colaboradores, A ITM est\u00e1 entrando com tudo no mundo digital, e sabemos que voc\u00eas s\u00e3o parte essencial desse processo! Este guia foi preparado para dar a voc\u00eas uma vis\u00e3o geral de nossos novos canais e iniciativas digitais, assim voc\u00eas podem entender o que est\u00e1 sendo feito e como cada [&hellip;]\" \/>\n<meta property=\"og:url\" content=\"https:\/\/itmtextil.com.br\/tecidos\/guia-digital-itm\/\" \/>\n<meta property=\"og:site_name\" content=\"Tecidos ITM\" \/>\n<meta property=\"og:image\" content=\"https:\/\/itmtextil.com.br\/tecidos\/wp-content\/uploads\/2025\/01\/Captura-de-ecra-2025-01-06-as-19.05.06-300x205.png\" \/>\n<meta name=\"twitter:card\" content=\"summary_large_image\" \/>\n<meta name=\"twitter:label1\" content=\"Est. tempo de leitura\" \/>\n\t<meta name=\"twitter:data1\" content=\"9 minutos\" \/>\n<script type=\"application\/ld+json\" class=\"yoast-schema-graph\">{\"@context\":\"https:\/\/schema.org\",\"@graph\":[{\"@type\":\"WebPage\",\"@id\":\"https:\/\/itmtextil.com.br\/tecidos\/guia-digital-itm\/\",\"url\":\"https:\/\/itmtextil.com.br\/tecidos\/guia-digital-itm\/\",\"name\":\"Guia Digital ITM - Tecidos ITM\",\"isPartOf\":{\"@id\":\"https:\/\/itmtextil.com.br\/tecidos\/#website\"},\"primaryImageOfPage\":{\"@id\":\"https:\/\/itmtextil.com.br\/tecidos\/guia-digital-itm\/#primaryimage\"},\"image\":{\"@id\":\"https:\/\/itmtextil.com.br\/tecidos\/guia-digital-itm\/#primaryimage\"},\"thumbnailUrl\":\"https:\/\/itmtextil.com.br\/tecidos\/wp-content\/uploads\/2025\/01\/Captura-de-ecra-2025-01-06-as-19.05.06-300x205.png\",\"datePublished\":\"2025-01-06T18:28:43+00:00\",\"dateModified\":\"2025-01-06T18:28:43+00:00\",\"breadcrumb\":{\"@id\":\"https:\/\/itmtextil.com.br\/tecidos\/guia-digital-itm\/#breadcrumb\"},\"inLanguage\":\"pt-BR\",\"potentialAction\":[{\"@type\":\"ReadAction\",\"target\":[\"https:\/\/itmtextil.com.br\/tecidos\/guia-digital-itm\/\"]}]},{\"@type\":\"ImageObject\",\"inLanguage\":\"pt-BR\",\"@id\":\"https:\/\/itmtextil.com.br\/tecidos\/guia-digital-itm\/#primaryimage\",\"url\":\"https:\/\/itmtextil.com.br\/tecidos\/wp-content\/uploads\/2025\/01\/Captura-de-ecra-2025-01-06-as-19.05.06.png\",\"contentUrl\":\"https:\/\/itmtextil.com.br\/tecidos\/wp-content\/uploads\/2025\/01\/Captura-de-ecra-2025-01-06-as-19.05.06.png\",\"width\":663,\"height\":452},{\"@type\":\"BreadcrumbList\",\"@id\":\"https:\/\/itmtextil.com.br\/tecidos\/guia-digital-itm\/#breadcrumb\",\"itemListElement\":[{\"@type\":\"ListItem\",\"position\":1,\"name\":\"In\u00edcio\",\"item\":\"https:\/\/itmtextil.com.br\/tecidos\/\"},{\"@type\":\"ListItem\",\"position\":2,\"name\":\"Guia Digital ITM\"}]},{\"@type\":\"WebSite\",\"@id\":\"https:\/\/itmtextil.com.br\/tecidos\/#website\",\"url\":\"https:\/\/itmtextil.com.br\/tecidos\/\",\"name\":\"Tecidos ITM\",\"description\":\"Site de tecidos para forros, cabedal para cal\u00e7ados, mercado de seguran\u00e7a.\",\"publisher\":{\"@id\":\"https:\/\/itmtextil.com.br\/tecidos\/#organization\"},\"potentialAction\":[{\"@type\":\"SearchAction\",\"target\":{\"@type\":\"EntryPoint\",\"urlTemplate\":\"https:\/\/itmtextil.com.br\/tecidos\/?s={search_term_string}\"},\"query-input\":{\"@type\":\"PropertyValueSpecification\",\"valueRequired\":true,\"valueName\":\"search_term_string\"}}],\"inLanguage\":\"pt-BR\"},{\"@type\":\"Organization\",\"@id\":\"https:\/\/itmtextil.com.br\/tecidos\/#organization\",\"name\":\"Tecidos ITM\",\"url\":\"https:\/\/itmtextil.com.br\/tecidos\/\",\"logo\":{\"@type\":\"ImageObject\",\"inLanguage\":\"pt-BR\",\"@id\":\"https:\/\/itmtextil.com.br\/tecidos\/#\/schema\/logo\/image\/\",\"url\":\"https:\/\/itmtextil.com.br\/tecidos\/wp-content\/uploads\/2024\/07\/Logo_ITM.png\",\"contentUrl\":\"https:\/\/itmtextil.com.br\/tecidos\/wp-content\/uploads\/2024\/07\/Logo_ITM.png\",\"width\":841,\"height\":427,\"caption\":\"Tecidos ITM\"},\"image\":{\"@id\":\"https:\/\/itmtextil.com.br\/tecidos\/#\/schema\/logo\/image\/\"}}]}<\/script>\n<!-- \/ Yoast SEO plugin. -->","yoast_head_json":{"title":"Guia Digital ITM - Tecidos ITM","robots":{"index":"index","follow":"follow","max-snippet":"max-snippet:-1","max-image-preview":"max-image-preview:large","max-video-preview":"max-video-preview:-1"},"canonical":"https:\/\/itmtextil.com.br\/tecidos\/guia-digital-itm\/","og_locale":"pt_BR","og_type":"article","og_title":"Guia Digital ITM - Tecidos ITM","og_description":"Um Olhar Para o Futuro Caros colaboradores, A ITM est\u00e1 entrando com tudo no mundo digital, e sabemos que voc\u00eas s\u00e3o parte essencial desse processo! Este guia foi preparado para dar a voc\u00eas uma vis\u00e3o geral de nossos novos canais e iniciativas digitais, assim voc\u00eas podem entender o que est\u00e1 sendo feito e como cada [&hellip;]","og_url":"https:\/\/itmtextil.com.br\/tecidos\/guia-digital-itm\/","og_site_name":"Tecidos ITM","og_image":[{"url":"https:\/\/itmtextil.com.br\/tecidos\/wp-content\/uploads\/2025\/01\/Captura-de-ecra-2025-01-06-as-19.05.06-300x205.png"}],"twitter_card":"summary_large_image","twitter_misc":{"Est. tempo de leitura":"9 minutos"},"schema":{"@context":"https:\/\/schema.org","@graph":[{"@type":"WebPage","@id":"https:\/\/itmtextil.com.br\/tecidos\/guia-digital-itm\/","url":"https:\/\/itmtextil.com.br\/tecidos\/guia-digital-itm\/","name":"Guia Digital ITM - Tecidos ITM","isPartOf":{"@id":"https:\/\/itmtextil.com.br\/tecidos\/#website"},"primaryImageOfPage":{"@id":"https:\/\/itmtextil.com.br\/tecidos\/guia-digital-itm\/#primaryimage"},"image":{"@id":"https:\/\/itmtextil.com.br\/tecidos\/guia-digital-itm\/#primaryimage"},"thumbnailUrl":"https:\/\/itmtextil.com.br\/tecidos\/wp-content\/uploads\/2025\/01\/Captura-de-ecra-2025-01-06-as-19.05.06-300x205.png","datePublished":"2025-01-06T18:28:43+00:00","dateModified":"2025-01-06T18:28:43+00:00","breadcrumb":{"@id":"https:\/\/itmtextil.com.br\/tecidos\/guia-digital-itm\/#breadcrumb"},"inLanguage":"pt-BR","potentialAction":[{"@type":"ReadAction","target":["https:\/\/itmtextil.com.br\/tecidos\/guia-digital-itm\/"]}]},{"@type":"ImageObject","inLanguage":"pt-BR","@id":"https:\/\/itmtextil.com.br\/tecidos\/guia-digital-itm\/#primaryimage","url":"https:\/\/itmtextil.com.br\/tecidos\/wp-content\/uploads\/2025\/01\/Captura-de-ecra-2025-01-06-as-19.05.06.png","contentUrl":"https:\/\/itmtextil.com.br\/tecidos\/wp-content\/uploads\/2025\/01\/Captura-de-ecra-2025-01-06-as-19.05.06.png","width":663,"height":452},{"@type":"BreadcrumbList","@id":"https:\/\/itmtextil.com.br\/tecidos\/guia-digital-itm\/#breadcrumb","itemListElement":[{"@type":"ListItem","position":1,"name":"In\u00edcio","item":"https:\/\/itmtextil.com.br\/tecidos\/"},{"@type":"ListItem","position":2,"name":"Guia Digital ITM"}]},{"@type":"WebSite","@id":"https:\/\/itmtextil.com.br\/tecidos\/#website","url":"https:\/\/itmtextil.com.br\/tecidos\/","name":"Tecidos ITM","description":"Site de tecidos para forros, cabedal para cal\u00e7ados, mercado de seguran\u00e7a.","publisher":{"@id":"https:\/\/itmtextil.com.br\/tecidos\/#organization"},"potentialAction":[{"@type":"SearchAction","target":{"@type":"EntryPoint","urlTemplate":"https:\/\/itmtextil.com.br\/tecidos\/?s={search_term_string}"},"query-input":{"@type":"PropertyValueSpecification","valueRequired":true,"valueName":"search_term_string"}}],"inLanguage":"pt-BR"},{"@type":"Organization","@id":"https:\/\/itmtextil.com.br\/tecidos\/#organization","name":"Tecidos ITM","url":"https:\/\/itmtextil.com.br\/tecidos\/","logo":{"@type":"ImageObject","inLanguage":"pt-BR","@id":"https:\/\/itmtextil.com.br\/tecidos\/#\/schema\/logo\/image\/","url":"https:\/\/itmtextil.com.br\/tecidos\/wp-content\/uploads\/2024\/07\/Logo_ITM.png","contentUrl":"https:\/\/itmtextil.com.br\/tecidos\/wp-content\/uploads\/2024\/07\/Logo_ITM.png","width":841,"height":427,"caption":"Tecidos ITM"},"image":{"@id":"https:\/\/itmtextil.com.br\/tecidos\/#\/schema\/logo\/image\/"}}]}},"_links":{"self":[{"href":"https:\/\/itmtextil.com.br\/tecidos\/wp-json\/wp\/v2\/pages\/722","targetHints":{"allow":["GET"]}}],"collection":[{"href":"https:\/\/itmtextil.com.br\/tecidos\/wp-json\/wp\/v2\/pages"}],"about":[{"href":"https:\/\/itmtextil.com.br\/tecidos\/wp-json\/wp\/v2\/types\/page"}],"author":[{"embeddable":true,"href":"https:\/\/itmtextil.com.br\/tecidos\/wp-json\/wp\/v2\/users\/2"}],"replies":[{"embeddable":true,"href":"https:\/\/itmtextil.com.br\/tecidos\/wp-json\/wp\/v2\/comments?post=722"}],"version-history":[{"count":2,"href":"https:\/\/itmtextil.com.br\/tecidos\/wp-json\/wp\/v2\/pages\/722\/revisions"}],"predecessor-version":[{"id":737,"href":"https:\/\/itmtextil.com.br\/tecidos\/wp-json\/wp\/v2\/pages\/722\/revisions\/737"}],"wp:attachment":[{"href":"https:\/\/itmtextil.com.br\/tecidos\/wp-json\/wp\/v2\/media?parent=722"}],"curies":[{"name":"wp","href":"https:\/\/api.w.org\/{rel}","templated":true}]}}