{"id":5,"date":"2024-07-05T18:27:22","date_gmt":"2024-07-05T21:27:22","guid":{"rendered":"https:\/\/itmtextil.com.br\/tecidos\/?page_id=5"},"modified":"2024-07-19T09:09:31","modified_gmt":"2024-07-19T12:09:31","slug":"principal","status":"publish","type":"page","link":"https:\/\/itmtextil.com.br\/tecidos\/","title":{"rendered":"Principal"},"content":{"rendered":"<p style=\"text-align: center;\">Nada para Acrescentar nessa p\u00e1gina. Todos os artigos s\u00e3o puxados automaticamente pela programa\u00e7\u00e3o.<\/p>\n","protected":false},"excerpt":{"rendered":"<p>Nada para Acrescentar nessa p\u00e1gina. Todos os artigos s\u00e3o puxados automaticamente pela programa\u00e7\u00e3o.<\/p>\n","protected":false},"author":1,"featured_media":132,"parent":0,"menu_order":0,"comment_status":"closed","ping_status":"closed","template":"templates\/template-home.php","meta":{"_acf_changed":false,"footnotes":""},"class_list":["post-5","page","type-page","status-publish","has-post-thumbnail","hentry"],"acf":[],"yoast_head":"<!-- This site is optimized with the Yoast SEO plugin v23.4 - https:\/\/yoast.com\/wordpress\/plugins\/seo\/ -->\n<title>Principal - Tecidos ITM<\/title>\n<meta name=\"robots\" content=\"index, follow, max-snippet:-1, max-image-preview:large, max-video-preview:-1\" \/>\n<link rel=\"canonical\" href=\"https:\/\/itmtextil.com.br\/tecidos\/\" \/>\n<meta property=\"og:locale\" content=\"pt_BR\" \/>\n<meta property=\"og:type\" content=\"article\" \/>\n<meta property=\"og:title\" content=\"Principal - Tecidos ITM\" \/>\n<meta property=\"og:description\" content=\"Nada para Acrescentar nessa p\u00e1gina. Todos os artigos s\u00e3o puxados automaticamente pela programa\u00e7\u00e3o.\" \/>\n<meta property=\"og:url\" content=\"https:\/\/itmtextil.com.br\/tecidos\/\" \/>\n<meta property=\"og:site_name\" content=\"Tecidos ITM\" \/>\n<meta property=\"article:modified_time\" content=\"2024-07-19T12:09:31+00:00\" \/>\n<meta property=\"og:image\" content=\"https:\/\/itmtextil.com.br\/tecidos\/wp-content\/uploads\/2024\/07\/screenshot.png\" \/>\n\t<meta property=\"og:image:width\" content=\"1200\" \/>\n\t<meta property=\"og:image:height\" content=\"900\" \/>\n\t<meta property=\"og:image:type\" content=\"image\/png\" \/>\n<meta name=\"twitter:card\" content=\"summary_large_image\" \/>\n<script type=\"application\/ld+json\" class=\"yoast-schema-graph\">{\"@context\":\"https:\/\/schema.org\",\"@graph\":[{\"@type\":\"WebPage\",\"@id\":\"https:\/\/itmtextil.com.br\/tecidos\/\",\"url\":\"https:\/\/itmtextil.com.br\/tecidos\/\",\"name\":\"Principal - Tecidos ITM\",\"isPartOf\":{\"@id\":\"https:\/\/itmtextil.com.br\/tecidos\/#website\"},\"primaryImageOfPage\":{\"@id\":\"https:\/\/itmtextil.com.br\/tecidos\/#primaryimage\"},\"image\":{\"@id\":\"https:\/\/itmtextil.com.br\/tecidos\/#primaryimage\"},\"thumbnailUrl\":\"https:\/\/itmtextil.com.br\/tecidos\/wp-content\/uploads\/2024\/07\/screenshot.png\",\"datePublished\":\"2024-07-05T21:27:22+00:00\",\"dateModified\":\"2024-07-19T12:09:31+00:00\",\"breadcrumb\":{\"@id\":\"https:\/\/itmtextil.com.br\/tecidos\/#breadcrumb\"},\"inLanguage\":\"pt-BR\",\"potentialAction\":[{\"@type\":\"ReadAction\",\"target\":[\"https:\/\/itmtextil.com.br\/tecidos\/\"]}]},{\"@type\":\"ImageObject\",\"inLanguage\":\"pt-BR\",\"@id\":\"https:\/\/itmtextil.com.br\/tecidos\/#primaryimage\",\"url\":\"https:\/\/itmtextil.com.br\/tecidos\/wp-content\/uploads\/2024\/07\/screenshot.png\",\"contentUrl\":\"https:\/\/itmtextil.com.br\/tecidos\/wp-content\/uploads\/2024\/07\/screenshot.png\",\"width\":1200,\"height\":900},{\"@type\":\"BreadcrumbList\",\"@id\":\"https:\/\/itmtextil.com.br\/tecidos\/#breadcrumb\",\"itemListElement\":[{\"@type\":\"ListItem\",\"position\":1,\"name\":\"In\u00edcio\",\"item\":\"https:\/\/itmtextil.com.br\/tecidos\/\"},{\"@type\":\"ListItem\",\"position\":2,\"name\":\"Principal\"}]},{\"@type\":\"WebSite\",\"@id\":\"https:\/\/itmtextil.com.br\/tecidos\/#website\",\"url\":\"https:\/\/itmtextil.com.br\/tecidos\/\",\"name\":\"Tecidos ITM\",\"description\":\"Site de tecidos para forros, cabedal para cal\u00e7ados, mercado de seguran\u00e7a.\",\"publisher\":{\"@id\":\"https:\/\/itmtextil.com.br\/tecidos\/#organization\"},\"potentialAction\":[{\"@type\":\"SearchAction\",\"target\":{\"@type\":\"EntryPoint\",\"urlTemplate\":\"https:\/\/itmtextil.com.br\/tecidos\/?s={search_term_string}\"},\"query-input\":{\"@type\":\"PropertyValueSpecification\",\"valueRequired\":true,\"valueName\":\"search_term_string\"}}],\"inLanguage\":\"pt-BR\"},{\"@type\":\"Organization\",\"@id\":\"https:\/\/itmtextil.com.br\/tecidos\/#organization\",\"name\":\"Tecidos ITM\",\"url\":\"https:\/\/itmtextil.com.br\/tecidos\/\",\"logo\":{\"@type\":\"ImageObject\",\"inLanguage\":\"pt-BR\",\"@id\":\"https:\/\/itmtextil.com.br\/tecidos\/#\/schema\/logo\/image\/\",\"url\":\"https:\/\/itmtextil.com.br\/tecidos\/wp-content\/uploads\/2024\/07\/Logo_ITM.png\",\"contentUrl\":\"https:\/\/itmtextil.com.br\/tecidos\/wp-content\/uploads\/2024\/07\/Logo_ITM.png\",\"width\":841,\"height\":427,\"caption\":\"Tecidos ITM\"},\"image\":{\"@id\":\"https:\/\/itmtextil.com.br\/tecidos\/#\/schema\/logo\/image\/\"}}]}<\/script>\n<!-- \/ Yoast SEO plugin. -->","yoast_head_json":{"title":"Principal - Tecidos ITM","robots":{"index":"index","follow":"follow","max-snippet":"max-snippet:-1","max-image-preview":"max-image-preview:large","max-video-preview":"max-video-preview:-1"},"canonical":"https:\/\/itmtextil.com.br\/tecidos\/","og_locale":"pt_BR","og_type":"article","og_title":"Principal - Tecidos ITM","og_description":"Nada para Acrescentar nessa p\u00e1gina. Todos os artigos s\u00e3o puxados automaticamente pela programa\u00e7\u00e3o.","og_url":"https:\/\/itmtextil.com.br\/tecidos\/","og_site_name":"Tecidos ITM","article_modified_time":"2024-07-19T12:09:31+00:00","og_image":[{"width":1200,"height":900,"url":"https:\/\/itmtextil.com.br\/tecidos\/wp-content\/uploads\/2024\/07\/screenshot.png","type":"image\/png"}],"twitter_card":"summary_large_image","schema":{"@context":"https:\/\/schema.org","@graph":[{"@type":"WebPage","@id":"https:\/\/itmtextil.com.br\/tecidos\/","url":"https:\/\/itmtextil.com.br\/tecidos\/","name":"Principal - Tecidos ITM","isPartOf":{"@id":"https:\/\/itmtextil.com.br\/tecidos\/#website"},"primaryImageOfPage":{"@id":"https:\/\/itmtextil.com.br\/tecidos\/#primaryimage"},"image":{"@id":"https:\/\/itmtextil.com.br\/tecidos\/#primaryimage"},"thumbnailUrl":"https:\/\/itmtextil.com.br\/tecidos\/wp-content\/uploads\/2024\/07\/screenshot.png","datePublished":"2024-07-05T21:27:22+00:00","dateModified":"2024-07-19T12:09:31+00:00","breadcrumb":{"@id":"https:\/\/itmtextil.com.br\/tecidos\/#breadcrumb"},"inLanguage":"pt-BR","potentialAction":[{"@type":"ReadAction","target":["https:\/\/itmtextil.com.br\/tecidos\/"]}]},{"@type":"ImageObject","inLanguage":"pt-BR","@id":"https:\/\/itmtextil.com.br\/tecidos\/#primaryimage","url":"https:\/\/itmtextil.com.br\/tecidos\/wp-content\/uploads\/2024\/07\/screenshot.png","contentUrl":"https:\/\/itmtextil.com.br\/tecidos\/wp-content\/uploads\/2024\/07\/screenshot.png","width":1200,"height":900},{"@type":"BreadcrumbList","@id":"https:\/\/itmtextil.com.br\/tecidos\/#breadcrumb","itemListElement":[{"@type":"ListItem","position":1,"name":"In\u00edcio","item":"https:\/\/itmtextil.com.br\/tecidos\/"},{"@type":"ListItem","position":2,"name":"Principal"}]},{"@type":"WebSite","@id":"https:\/\/itmtextil.com.br\/tecidos\/#website","url":"https:\/\/itmtextil.com.br\/tecidos\/","name":"Tecidos ITM","description":"Site de tecidos para forros, cabedal para cal\u00e7ados, mercado de seguran\u00e7a.","publisher":{"@id":"https:\/\/itmtextil.com.br\/tecidos\/#organization"},"potentialAction":[{"@type":"SearchAction","target":{"@type":"EntryPoint","urlTemplate":"https:\/\/itmtextil.com.br\/tecidos\/?s={search_term_string}"},"query-input":{"@type":"PropertyValueSpecification","valueRequired":true,"valueName":"search_term_string"}}],"inLanguage":"pt-BR"},{"@type":"Organization","@id":"https:\/\/itmtextil.com.br\/tecidos\/#organization","name":"Tecidos ITM","url":"https:\/\/itmtextil.com.br\/tecidos\/","logo":{"@type":"ImageObject","inLanguage":"pt-BR","@id":"https:\/\/itmtextil.com.br\/tecidos\/#\/schema\/logo\/image\/","url":"https:\/\/itmtextil.com.br\/tecidos\/wp-content\/uploads\/2024\/07\/Logo_ITM.png","contentUrl":"https:\/\/itmtextil.com.br\/tecidos\/wp-content\/uploads\/2024\/07\/Logo_ITM.png","width":841,"height":427,"caption":"Tecidos ITM"},"image":{"@id":"https:\/\/itmtextil.com.br\/tecidos\/#\/schema\/logo\/image\/"}}]}},"_links":{"self":[{"href":"https:\/\/itmtextil.com.br\/tecidos\/wp-json\/wp\/v2\/pages\/5","targetHints":{"allow":["GET"]}}],"collection":[{"href":"https:\/\/itmtextil.com.br\/tecidos\/wp-json\/wp\/v2\/pages"}],"about":[{"href":"https:\/\/itmtextil.com.br\/tecidos\/wp-json\/wp\/v2\/types\/page"}],"author":[{"embeddable":true,"href":"https:\/\/itmtextil.com.br\/tecidos\/wp-json\/wp\/v2\/users\/1"}],"replies":[{"embeddable":true,"href":"https:\/\/itmtextil.com.br\/tecidos\/wp-json\/wp\/v2\/comments?post=5"}],"version-history":[{"count":7,"href":"https:\/\/itmtextil.com.br\/tecidos\/wp-json\/wp\/v2\/pages\/5\/revisions"}],"predecessor-version":[{"id":128,"href":"https:\/\/itmtextil.com.br\/tecidos\/wp-json\/wp\/v2\/pages\/5\/revisions\/128"}],"wp:featuredmedia":[{"embeddable":true,"href":"https:\/\/itmtextil.com.br\/tecidos\/wp-json\/wp\/v2\/media\/132"}],"wp:attachment":[{"href":"https:\/\/itmtextil.com.br\/tecidos\/wp-json\/wp\/v2\/media?parent=5"}],"curies":[{"name":"wp","href":"https:\/\/api.w.org\/{rel}","templated":true}]}}