{"id":1329,"date":"2025-12-04T14:40:36","date_gmt":"2025-12-04T17:40:36","guid":{"rendered":"https:\/\/itmtextil.com.br\/tecidos\/?page_id=1329"},"modified":"2025-12-04T14:40:36","modified_gmt":"2025-12-04T17:40:36","slug":"itm-homologada-cordura-pela-invista-brasil","status":"publish","type":"page","link":"https:\/\/itmtextil.com.br\/tecidos\/itm-homologada-cordura-pela-invista-brasil\/","title":{"rendered":"ITM homologada CORDURA\u00ae pela INVISTA Brasil"},"content":{"rendered":"<p>A primeira empresa da Am\u00e9rica Latina homologada pela Invista a produzir tecidos com fios CORDURA\u00ae foi a ITM T\u00eaxtil, conforme carta assinada pela pr\u00f3pria Invista e mat\u00e9ria divulgada em 2011 pela pr\u00f3pria CORDURA\u00ae : https:\/\/www.prlog.org\/11238280-invista-announces-new-cordura-fabric-collections-from-participating-fabric-mills.html<\/p>\n<p>A ITM T\u00eaxtil \u00e9 homologada a produzir tecidos com todos os tipos de fios CORDURA\u00ae, incluindo CORDURA\u00ae 1000, CORDURA\u00ae 500, CORDURA\u00ae 300<\/p>\n<p>ITM T\u00eaxtil homologada CORDURA 500D, CORDURA 1000D, Incluindo tecnologia NYCO\u00ae .<\/p>\n<p>Veja aqui o teor completo da carta enviada pela Invista \/ CORDURA\u00ae para a ITM:<\/p>\n<p class=\"p1\">INVISTA \u2013 INV Performance Materials<\/p>\n<p class=\"p1\">Data: 27 &#8211; Agosto 2025<\/p>\n<p class=\"p1\">Referencia:<\/p>\n<p class=\"p1\">Industria T\u00eaxtil H Milagres (ITM)<\/p>\n<p class=\"p1\">A hist\u00f3ria entre a Industria T\u00eaxtil H Milagres (ITM) e a empresa INVISTA, na linha de produtos<\/p>\n<p class=\"p1\">(tecidos) CORDURA \u00e9 longa e de sucesso.<\/p>\n<p class=\"p1\">A ITM foi pioneira no desenvolvimento da fam\u00edlia de tecidos CORDURA 500d, 1000d e 300d r\u00edgido<\/p>\n<p class=\"p1\">e com stretch, no Brasil e na Am\u00e9rica do Sul. S\u00e3o mais de 30 anos de relacionamento, parceria e<\/p>\n<p class=\"p1\">desenvolvimento de tecidos CORDURA, com performances e tecnologias diferenciadas.<\/p>\n<p class=\"p1\">Mais recentemente (10 anos atr\u00e1s) a ITM tamb\u00e9m foi homologada pela INVISTA para a produ\u00e7\u00e3o<\/p>\n<p class=\"p1\">e comercializa\u00e7\u00e3o de tecidos CORDURA NYCO (50%Poliamida 6.6 \/ 50% Algod\u00e3o) para a linha<\/p>\n<p class=\"p1\">de uniformes militares.<\/p>\n<p class=\"p1\">Ao longo desses 30 anos de hist\u00f3ria a empresa ITM tem desenvolvido tecidos CORDURA<\/p>\n<p class=\"p1\">diferenciados, em termos de estrutura de tecido, acabamentos, toques e visuais, e acima de tudo<\/p>\n<p class=\"p1\">tecidos que ir\u00e3o prover performance, durabilidade e conforto para as diferentes necessidades do<\/p>\n<p class=\"p1\">mercado. Tecidos CORDURA para cal\u00e7ados, bolsas, mochilas, acess\u00f3rios, equipamentos de<\/p>\n<p class=\"p1\">aventura e militares, uniformes militares, etc.<\/p>\n<p class=\"p1\">Os tecidos CORDURA produzidos pela empresa ITM atendem os crit\u00e9rios globais de qualidade e<\/p>\n<p class=\"p1\">performance exigidos pela INVISTA para a homologa\u00e7\u00e3o da empresa ITM como uma empresa<\/p>\n<p class=\"p1\">certificada da marca CORDURA.<\/p>\n<p class=\"p1\">Estou a disposi\u00e7\u00e3o para maiores esclarecimentos.<\/p>\n<p class=\"p1\">Obrigado<\/p>\n<p class=\"p2\">Luciano Salazar<\/p>\n<p class=\"p2\">Gerente Neg\u00f3cios \u2013 Am\u00e9rica Latina<\/p>\n<p class=\"p2\">INVISTA \u2013 CORDURA\u00ae NYCO<\/p>\n<div id=\"attachment_1330\" style=\"width: 390px\" class=\"wp-caption alignnone\"><img loading=\"lazy\" decoding=\"async\" aria-describedby=\"caption-attachment-1330\" class=\" wp-image-1330\" src=\"https:\/\/itmtextil.com.br\/tecidos\/wp-content\/uploads\/2025\/12\/Captura-de-ecra-2025-12-04-as-18.35.07-223x300.png\" alt=\"\" width=\"380\" height=\"511\" srcset=\"https:\/\/itmtextil.com.br\/tecidos\/wp-content\/uploads\/2025\/12\/Captura-de-ecra-2025-12-04-as-18.35.07-223x300.png 223w, https:\/\/itmtextil.com.br\/tecidos\/wp-content\/uploads\/2025\/12\/Captura-de-ecra-2025-12-04-as-18.35.07.png 628w\" sizes=\"auto, (max-width: 380px) 100vw, 380px\" \/><p id=\"caption-attachment-1330\" class=\"wp-caption-text\">Carta da Invista Brasil, confirmando que a ITM \u00e9 homologada a produzir CORDURA\u00ae no Brasil e que foi a primeira na Am\u00e9rica Latina.<\/p><\/div>\n","protected":false},"excerpt":{"rendered":"<p>A primeira empresa da Am\u00e9rica Latina homologada pela Invista a produzir tecidos com fios CORDURA\u00ae foi a ITM T\u00eaxtil, conforme carta assinada pela pr\u00f3pria Invista e mat\u00e9ria divulgada em 2011 pela pr\u00f3pria CORDURA\u00ae : https:\/\/www.prlog.org\/11238280-invista-announces-new-cordura-fabric-collections-from-participating-fabric-mills.html A ITM T\u00eaxtil \u00e9 homologada a produzir tecidos com todos os tipos de fios CORDURA\u00ae, incluindo CORDURA\u00ae 1000, CORDURA\u00ae 500, [&hellip;]<\/p>\n","protected":false},"author":2,"featured_media":0,"parent":0,"menu_order":0,"comment_status":"closed","ping_status":"closed","template":"","meta":{"_acf_changed":false,"footnotes":""},"class_list":["post-1329","page","type-page","status-publish","hentry"],"acf":[],"yoast_head":"<!-- This site is optimized with the Yoast SEO plugin v23.4 - https:\/\/yoast.com\/wordpress\/plugins\/seo\/ -->\n<title>ITM homologada CORDURA\u00ae pela INVISTA Brasil - Tecidos ITM<\/title>\n<meta name=\"robots\" content=\"index, follow, max-snippet:-1, max-image-preview:large, max-video-preview:-1\" \/>\n<link rel=\"canonical\" href=\"https:\/\/itmtextil.com.br\/tecidos\/itm-homologada-cordura-pela-invista-brasil\/\" \/>\n<meta property=\"og:locale\" content=\"pt_BR\" \/>\n<meta property=\"og:type\" content=\"article\" \/>\n<meta property=\"og:title\" content=\"ITM homologada CORDURA\u00ae pela INVISTA Brasil - Tecidos ITM\" \/>\n<meta property=\"og:description\" content=\"A primeira empresa da Am\u00e9rica Latina homologada pela Invista a produzir tecidos com fios CORDURA\u00ae foi a ITM T\u00eaxtil, conforme carta assinada pela pr\u00f3pria Invista e mat\u00e9ria divulgada em 2011 pela pr\u00f3pria CORDURA\u00ae : https:\/\/www.prlog.org\/11238280-invista-announces-new-cordura-fabric-collections-from-participating-fabric-mills.html A ITM T\u00eaxtil \u00e9 homologada a produzir tecidos com todos os tipos de fios CORDURA\u00ae, incluindo CORDURA\u00ae 1000, CORDURA\u00ae 500, [&hellip;]\" \/>\n<meta property=\"og:url\" content=\"https:\/\/itmtextil.com.br\/tecidos\/itm-homologada-cordura-pela-invista-brasil\/\" \/>\n<meta property=\"og:site_name\" content=\"Tecidos ITM\" \/>\n<meta property=\"og:image\" content=\"https:\/\/itmtextil.com.br\/tecidos\/wp-content\/uploads\/2025\/12\/Captura-de-ecra-2025-12-04-as-18.35.07-223x300.png\" \/>\n<meta name=\"twitter:card\" content=\"summary_large_image\" \/>\n<meta name=\"twitter:label1\" content=\"Est. tempo de leitura\" \/>\n\t<meta name=\"twitter:data1\" content=\"3 minutos\" \/>\n<script type=\"application\/ld+json\" class=\"yoast-schema-graph\">{\"@context\":\"https:\/\/schema.org\",\"@graph\":[{\"@type\":\"WebPage\",\"@id\":\"https:\/\/itmtextil.com.br\/tecidos\/itm-homologada-cordura-pela-invista-brasil\/\",\"url\":\"https:\/\/itmtextil.com.br\/tecidos\/itm-homologada-cordura-pela-invista-brasil\/\",\"name\":\"ITM homologada CORDURA\u00ae pela INVISTA Brasil - Tecidos ITM\",\"isPartOf\":{\"@id\":\"https:\/\/itmtextil.com.br\/tecidos\/#website\"},\"primaryImageOfPage\":{\"@id\":\"https:\/\/itmtextil.com.br\/tecidos\/itm-homologada-cordura-pela-invista-brasil\/#primaryimage\"},\"image\":{\"@id\":\"https:\/\/itmtextil.com.br\/tecidos\/itm-homologada-cordura-pela-invista-brasil\/#primaryimage\"},\"thumbnailUrl\":\"https:\/\/itmtextil.com.br\/tecidos\/wp-content\/uploads\/2025\/12\/Captura-de-ecra-2025-12-04-as-18.35.07-223x300.png\",\"datePublished\":\"2025-12-04T17:40:36+00:00\",\"dateModified\":\"2025-12-04T17:40:36+00:00\",\"breadcrumb\":{\"@id\":\"https:\/\/itmtextil.com.br\/tecidos\/itm-homologada-cordura-pela-invista-brasil\/#breadcrumb\"},\"inLanguage\":\"pt-BR\",\"potentialAction\":[{\"@type\":\"ReadAction\",\"target\":[\"https:\/\/itmtextil.com.br\/tecidos\/itm-homologada-cordura-pela-invista-brasil\/\"]}]},{\"@type\":\"ImageObject\",\"inLanguage\":\"pt-BR\",\"@id\":\"https:\/\/itmtextil.com.br\/tecidos\/itm-homologada-cordura-pela-invista-brasil\/#primaryimage\",\"url\":\"https:\/\/itmtextil.com.br\/tecidos\/wp-content\/uploads\/2025\/12\/Captura-de-ecra-2025-12-04-as-18.35.07.png\",\"contentUrl\":\"https:\/\/itmtextil.com.br\/tecidos\/wp-content\/uploads\/2025\/12\/Captura-de-ecra-2025-12-04-as-18.35.07.png\",\"width\":628,\"height\":844,\"caption\":\"Carta da Invista Brasil, confirmando que a ITM \u00e9 homologada a produzir CORDURA\u00ae no Brasil e que foi a primeira na Am\u00e9rica Latina.\"},{\"@type\":\"BreadcrumbList\",\"@id\":\"https:\/\/itmtextil.com.br\/tecidos\/itm-homologada-cordura-pela-invista-brasil\/#breadcrumb\",\"itemListElement\":[{\"@type\":\"ListItem\",\"position\":1,\"name\":\"In\u00edcio\",\"item\":\"https:\/\/itmtextil.com.br\/tecidos\/\"},{\"@type\":\"ListItem\",\"position\":2,\"name\":\"ITM homologada CORDURA\u00ae pela INVISTA Brasil\"}]},{\"@type\":\"WebSite\",\"@id\":\"https:\/\/itmtextil.com.br\/tecidos\/#website\",\"url\":\"https:\/\/itmtextil.com.br\/tecidos\/\",\"name\":\"Tecidos ITM\",\"description\":\"Site de tecidos para forros, cabedal para cal\u00e7ados, mercado de seguran\u00e7a.\",\"publisher\":{\"@id\":\"https:\/\/itmtextil.com.br\/tecidos\/#organization\"},\"potentialAction\":[{\"@type\":\"SearchAction\",\"target\":{\"@type\":\"EntryPoint\",\"urlTemplate\":\"https:\/\/itmtextil.com.br\/tecidos\/?s={search_term_string}\"},\"query-input\":{\"@type\":\"PropertyValueSpecification\",\"valueRequired\":true,\"valueName\":\"search_term_string\"}}],\"inLanguage\":\"pt-BR\"},{\"@type\":\"Organization\",\"@id\":\"https:\/\/itmtextil.com.br\/tecidos\/#organization\",\"name\":\"Tecidos ITM\",\"url\":\"https:\/\/itmtextil.com.br\/tecidos\/\",\"logo\":{\"@type\":\"ImageObject\",\"inLanguage\":\"pt-BR\",\"@id\":\"https:\/\/itmtextil.com.br\/tecidos\/#\/schema\/logo\/image\/\",\"url\":\"https:\/\/itmtextil.com.br\/tecidos\/wp-content\/uploads\/2024\/07\/Logo_ITM.png\",\"contentUrl\":\"https:\/\/itmtextil.com.br\/tecidos\/wp-content\/uploads\/2024\/07\/Logo_ITM.png\",\"width\":841,\"height\":427,\"caption\":\"Tecidos ITM\"},\"image\":{\"@id\":\"https:\/\/itmtextil.com.br\/tecidos\/#\/schema\/logo\/image\/\"}}]}<\/script>\n<!-- \/ Yoast SEO plugin. -->","yoast_head_json":{"title":"ITM homologada CORDURA\u00ae pela INVISTA Brasil - Tecidos ITM","robots":{"index":"index","follow":"follow","max-snippet":"max-snippet:-1","max-image-preview":"max-image-preview:large","max-video-preview":"max-video-preview:-1"},"canonical":"https:\/\/itmtextil.com.br\/tecidos\/itm-homologada-cordura-pela-invista-brasil\/","og_locale":"pt_BR","og_type":"article","og_title":"ITM homologada CORDURA\u00ae pela INVISTA Brasil - Tecidos ITM","og_description":"A primeira empresa da Am\u00e9rica Latina homologada pela Invista a produzir tecidos com fios CORDURA\u00ae foi a ITM T\u00eaxtil, conforme carta assinada pela pr\u00f3pria Invista e mat\u00e9ria divulgada em 2011 pela pr\u00f3pria CORDURA\u00ae : https:\/\/www.prlog.org\/11238280-invista-announces-new-cordura-fabric-collections-from-participating-fabric-mills.html A ITM T\u00eaxtil \u00e9 homologada a produzir tecidos com todos os tipos de fios CORDURA\u00ae, incluindo CORDURA\u00ae 1000, CORDURA\u00ae 500, [&hellip;]","og_url":"https:\/\/itmtextil.com.br\/tecidos\/itm-homologada-cordura-pela-invista-brasil\/","og_site_name":"Tecidos ITM","og_image":[{"url":"https:\/\/itmtextil.com.br\/tecidos\/wp-content\/uploads\/2025\/12\/Captura-de-ecra-2025-12-04-as-18.35.07-223x300.png"}],"twitter_card":"summary_large_image","twitter_misc":{"Est. tempo de leitura":"3 minutos"},"schema":{"@context":"https:\/\/schema.org","@graph":[{"@type":"WebPage","@id":"https:\/\/itmtextil.com.br\/tecidos\/itm-homologada-cordura-pela-invista-brasil\/","url":"https:\/\/itmtextil.com.br\/tecidos\/itm-homologada-cordura-pela-invista-brasil\/","name":"ITM homologada CORDURA\u00ae pela INVISTA Brasil - Tecidos ITM","isPartOf":{"@id":"https:\/\/itmtextil.com.br\/tecidos\/#website"},"primaryImageOfPage":{"@id":"https:\/\/itmtextil.com.br\/tecidos\/itm-homologada-cordura-pela-invista-brasil\/#primaryimage"},"image":{"@id":"https:\/\/itmtextil.com.br\/tecidos\/itm-homologada-cordura-pela-invista-brasil\/#primaryimage"},"thumbnailUrl":"https:\/\/itmtextil.com.br\/tecidos\/wp-content\/uploads\/2025\/12\/Captura-de-ecra-2025-12-04-as-18.35.07-223x300.png","datePublished":"2025-12-04T17:40:36+00:00","dateModified":"2025-12-04T17:40:36+00:00","breadcrumb":{"@id":"https:\/\/itmtextil.com.br\/tecidos\/itm-homologada-cordura-pela-invista-brasil\/#breadcrumb"},"inLanguage":"pt-BR","potentialAction":[{"@type":"ReadAction","target":["https:\/\/itmtextil.com.br\/tecidos\/itm-homologada-cordura-pela-invista-brasil\/"]}]},{"@type":"ImageObject","inLanguage":"pt-BR","@id":"https:\/\/itmtextil.com.br\/tecidos\/itm-homologada-cordura-pela-invista-brasil\/#primaryimage","url":"https:\/\/itmtextil.com.br\/tecidos\/wp-content\/uploads\/2025\/12\/Captura-de-ecra-2025-12-04-as-18.35.07.png","contentUrl":"https:\/\/itmtextil.com.br\/tecidos\/wp-content\/uploads\/2025\/12\/Captura-de-ecra-2025-12-04-as-18.35.07.png","width":628,"height":844,"caption":"Carta da Invista Brasil, confirmando que a ITM \u00e9 homologada a produzir CORDURA\u00ae no Brasil e que foi a primeira na Am\u00e9rica Latina."},{"@type":"BreadcrumbList","@id":"https:\/\/itmtextil.com.br\/tecidos\/itm-homologada-cordura-pela-invista-brasil\/#breadcrumb","itemListElement":[{"@type":"ListItem","position":1,"name":"In\u00edcio","item":"https:\/\/itmtextil.com.br\/tecidos\/"},{"@type":"ListItem","position":2,"name":"ITM homologada CORDURA\u00ae pela INVISTA Brasil"}]},{"@type":"WebSite","@id":"https:\/\/itmtextil.com.br\/tecidos\/#website","url":"https:\/\/itmtextil.com.br\/tecidos\/","name":"Tecidos ITM","description":"Site de tecidos para forros, cabedal para cal\u00e7ados, mercado de seguran\u00e7a.","publisher":{"@id":"https:\/\/itmtextil.com.br\/tecidos\/#organization"},"potentialAction":[{"@type":"SearchAction","target":{"@type":"EntryPoint","urlTemplate":"https:\/\/itmtextil.com.br\/tecidos\/?s={search_term_string}"},"query-input":{"@type":"PropertyValueSpecification","valueRequired":true,"valueName":"search_term_string"}}],"inLanguage":"pt-BR"},{"@type":"Organization","@id":"https:\/\/itmtextil.com.br\/tecidos\/#organization","name":"Tecidos ITM","url":"https:\/\/itmtextil.com.br\/tecidos\/","logo":{"@type":"ImageObject","inLanguage":"pt-BR","@id":"https:\/\/itmtextil.com.br\/tecidos\/#\/schema\/logo\/image\/","url":"https:\/\/itmtextil.com.br\/tecidos\/wp-content\/uploads\/2024\/07\/Logo_ITM.png","contentUrl":"https:\/\/itmtextil.com.br\/tecidos\/wp-content\/uploads\/2024\/07\/Logo_ITM.png","width":841,"height":427,"caption":"Tecidos ITM"},"image":{"@id":"https:\/\/itmtextil.com.br\/tecidos\/#\/schema\/logo\/image\/"}}]}},"_links":{"self":[{"href":"https:\/\/itmtextil.com.br\/tecidos\/wp-json\/wp\/v2\/pages\/1329","targetHints":{"allow":["GET"]}}],"collection":[{"href":"https:\/\/itmtextil.com.br\/tecidos\/wp-json\/wp\/v2\/pages"}],"about":[{"href":"https:\/\/itmtextil.com.br\/tecidos\/wp-json\/wp\/v2\/types\/page"}],"author":[{"embeddable":true,"href":"https:\/\/itmtextil.com.br\/tecidos\/wp-json\/wp\/v2\/users\/2"}],"replies":[{"embeddable":true,"href":"https:\/\/itmtextil.com.br\/tecidos\/wp-json\/wp\/v2\/comments?post=1329"}],"version-history":[{"count":1,"href":"https:\/\/itmtextil.com.br\/tecidos\/wp-json\/wp\/v2\/pages\/1329\/revisions"}],"predecessor-version":[{"id":1331,"href":"https:\/\/itmtextil.com.br\/tecidos\/wp-json\/wp\/v2\/pages\/1329\/revisions\/1331"}],"wp:attachment":[{"href":"https:\/\/itmtextil.com.br\/tecidos\/wp-json\/wp\/v2\/media?parent=1329"}],"curies":[{"name":"wp","href":"https:\/\/api.w.org\/{rel}","templated":true}]}}